{"id":90,"date":"2016-06-27T13:17:46","date_gmt":"2016-06-27T12:17:46","guid":{"rendered":"http:\/\/ars-inter.de\/?page_id=90"},"modified":"2025-01-16T14:28:11","modified_gmt":"2025-01-16T13:28:11","slug":"referenzen","status":"publish","type":"page","link":"http:\/\/ars-inter.de\/ua\/leistungen\/dolmetschen\/referenzen\/","title":{"rendered":"\u041a\u043b\u0456\u0454\u043d\u0442\u0438"},"content":{"rendered":"<p>\u0412\u0438\u0431\u0456\u0440\u043a\u043e\u0432\u0438\u0439 \u0441\u043f\u0438\u0441\u043e\u043a \u043a\u043b\u0456\u0454\u043d\u0442\u0456\u0432:<\/p>\n<h4 class=\"brd_h4\">\u0424\u0435\u0434\u0435\u0440\u0430\u043b\u044c\u043d\u0456 \u043c\u0456\u043d\u0456\u0441\u0442\u0435\u0440\u0441\u0442\u0432\u0430 \u041d\u0456\u043c\u0435\u0447\u0447\u0438\u043d\u0438<\/h4>\n<p>\u041c\u0456\u043d\u0456\u0441\u0442\u0435\u0440\u0441\u0442\u0432\u043e \u0437\u0430\u043a\u043e\u0440\u0434\u043e\u043d\u043d\u0438\u0445 \u0441\u043f\u0440\u0430\u0432 \u041d\u0456\u043c\u0435\u0447\u0447\u0438\u043d\u0438 (AA)<br \/>\n\u0424\u0435\u0434\u0435\u0440\u0430\u043b\u044c\u043d\u0435 \u043c\u0456\u043d\u0456\u0441\u0442\u0435\u0440\u0441\u0442\u0432\u043e \u043f\u0440\u043e\u0434\u043e\u0432\u043e\u043b\u044c\u0441\u0442\u0432\u0430 \u0456 \u0441\u0456\u043b\u044c\u0441\u044c\u043a\u043e\u0433\u043e \u0433\u043e\u0441\u043f\u043e\u0434\u0430\u0440\u0441\u0442\u0432\u0430 \u041d\u0456\u043c\u0435\u0447\u0447\u0438\u043d\u0438 (BMEL)<br \/>\n\u0424\u0435\u0434\u0435\u0440\u0430\u043b\u044c\u043d\u0435 \u043c\u0456\u043d\u0456\u0441\u0442\u0435\u0440\u0441\u0442\u0432\u043e \u043e\u0445\u043e\u0440\u043e\u043d\u0438 \u0437\u0434\u043e\u0440\u043e\u0432&#8217;\u044f \u041d\u0456\u043c\u0435\u0447\u0447\u0438\u043d\u0438 (BMG)<br \/>\n\u0424\u0435\u0434\u0435\u0440\u0430\u043b\u044c\u043d\u0435 \u043c\u0456\u043d\u0456\u0441\u0442\u0435\u0440\u0441\u0442\u0432\u043e \u043e\u0431\u043e\u0440\u043e\u043d\u0438 \u041d\u0456\u043c\u0435\u0447\u0447\u0438\u043d\u0438 (BMVg)<br \/>\n\u0411\u0443\u043d\u0434\u0435\u0441\u0442\u0430\u0491<\/p>\n<h4 class=\"brd_h4\">\u041f\u043e\u0441\u043e\u043b\u044c\u0441\u0442\u0432\u0430 \u0442\u0430 \u043a\u043e\u043d\u0441\u0443\u043b\u044c\u0441\u0442\u0432\u0430<\/h4>\n<p>\u041f\u043e\u0441\u043e\u043b\u044c\u0441\u0442\u0432\u043e \u0440\u0435\u0441\u043f\u0443\u0431\u043b\u0456\u043a\u0438 \u041a\u0430\u0437\u0430\u0445\u0441\u0442\u0430\u043d<br \/>\n\u041f\u043e\u0441\u043e\u043b\u044c\u0441\u0442\u0432\u043e \u0423\u043a\u0440\u0430\u0457\u043d\u0438<br \/>\n\u0424\u0443\u043d\u0434\u0430\u0446\u0456\u0457 \u0442\u0430 \u043d\u0435\u0443\u0440\u044f\u0434\u043e\u0432\u0456 \u043e\u0440\u0433\u0430\u043d\u0456\u0437\u0430\u0446\u0456\u0457<br \/>\n\u0413\u0435\u043d\u0435\u0440\u0430\u043b\u044c\u043d\u0438\u0439 \u0441\u0435\u043a\u0440\u0435\u0442\u0430\u0440\u0456\u0430\u0442 \u0427\u0435\u0440\u0432\u043e\u043d\u043e\u0433\u043e \u0445\u0440\u0435\u0441\u0442\u0430 &#8220;DRK Generalsekretariat&#8221;<br \/>\n\u0424\u0443\u043d\u0434\u0430\u0446\u0456\u044f \u0413\u0430\u0439\u043d\u0440\u0456\u0445\u0430 \u0411\u044c\u043e\u043b\u043b\u044f<br \/>\n\u0424\u0443\u043d\u0434\u0430\u0446\u0456\u044f \u0424\u0440\u0456\u0434\u0440\u0456\u0445\u0430 \u0415\u0431\u0435\u0440\u0442\u0430<br \/>\n\u0424\u0443\u043d\u0434\u0430\u0446\u0456\u044f &#8220;\u041f\u0430\u043c&#8217;\u044f\u0442\u044c, \u0432\u0456\u0434\u043f\u043e\u0432\u0456\u0434\u0430\u043b\u044c\u043d\u0456\u0441\u0442\u044c, \u043c\u0430\u0439\u0431\u0443\u0442\u043d\u0454&#8221;<br \/>\n\u041d\u0435\u043c\u0435\u0446\u044c\u043a\u0435 \u0442\u043e\u0432\u0430\u0440\u0438\u0441\u0442\u0432\u043e \u043c\u0456\u0436\u043d\u0430\u0440\u043e\u0434\u043d\u043e\u0433\u043e \u0441\u043f\u0456\u0432\u0440\u043e\u0431\u0456\u0442\u043d\u0438\u0446\u0442\u0432\u0430 &#8220;GIZ&#8221;<\/p>\n<h4 class=\"brd_h4\">\u0410\u0432\u0442\u043e\u043c\u043e\u0431\u0456\u043b\u044c\u043d\u0430 \u043f\u0440\u043e\u043c\u0438\u0441\u043b\u043e\u0432\u0456\u0441\u0442\u044c<\/h4>\n<p>Volkswagen<br \/>\nDaimler<\/p>\n<h4 class=\"brd_h4\">\u0417\u0430\u043b\u0456\u0437\u043d\u0438\u0446\u044f<\/h4>\n<p>Bombardier Transportation<br \/>\nStadler Rail<\/p>\n<h4 class=\"brd_h4\">\u041f\u0440\u043e\u043c\u0438\u0441\u043b\u043e\u0432\u0456\u0441\u0442\u044c<\/h4>\n<p>Xella<\/p>\n<h4 class=\"brd_h4\">\u0422\u0435\u043b\u0435\u0431\u0430\u0447\u0435\u043d\u043d\u044f<\/h4>\n<p>ARD (\u043f\u0435\u0440\u0448\u0438\u0439 \u0434\u0435\u0440\u0436\u0430\u0432\u043d\u0438\u0439 \u0442\u0435\u043b\u0435\u043a\u0430\u043d\u0430\u043b)<br \/>\nZDF (\u0434\u0440\u0443\u0433\u0438\u0439 \u0434\u0435\u0440\u0436\u0430\u0432\u043d\u0438\u0439 \u0442\u0435\u043b\u0435\u043a\u0430\u043d\u0430\u043b)<br \/>\nN24<br \/>\narte<br \/>\n3Sat<br \/>\nRTL<br \/>\nRBB Rundfunk Berlin-Brandenburg (\u0442\u0435\u043b\u0435\u043a\u0430\u043d\u0430\u043b \u0444\u0435\u0434\u0435\u0440\u0430\u043b\u044c\u043d\u0438\u0445 \u0437\u0435\u043c\u0435\u043b\u044c \u0411\u0435\u0440\u043b\u0456\u043d \u0442\u0430 \u0411\u0440\u0430\u043d\u0434\u0435\u043d\u0431\u0443\u0440\u0433)<\/p>\n<h4 class=\"brd_h4\">\u0410\u0434\u0432\u043e\u043a\u0430\u0442\u0441\u044c\u043a\u0456 \u043a\u043e\u043d\u0442\u043e\u0440\u0438, \u043d\u043e\u0442\u0430\u0440\u0456\u0443\u0441\u0438, \u043e\u0440\u0433\u0430\u043d\u0438 \u044e\u0441\u0442\u0438\u0446\u0456\u0457<\/h4>\n<p>Noerr LLP M\u00fcller Radack Rechtsanw\u00e4lte Notare<br \/>\nBusse &amp; Miesen Rechtsanw\u00e4lte<br \/>\nFranke &amp; Kleinkamp<br \/>\n\u041f\u0440\u043e\u043a\u0443\u0440\u0430\u0442\u0443\u0440\u0430 \u043c. \u0411\u0435\u0440\u043b\u0456\u043d\u0430<br \/>\n\u0423\u043f\u0440\u0430\u0432\u043b\u0456\u043d\u043d\u044f \u043a\u0440\u0438\u043c\u0456\u043d\u0430\u043b\u044c\u043d\u043e\u0457 \u043f\u043e\u043b\u0456\u0446\u0456\u0457 \u0444\u0435\u0434\u0435\u0440\u0430\u043b\u044c\u043d\u043e\u0457 \u0437\u0435\u043c\u043b\u0456 \u0411\u0435\u0440\u043b\u0456\u043d<br \/>\n\u041c\u0438\u0442\u043d\u0430 \u0441\u043b\u0443\u0436\u0431\u0430<br \/>\n\u041f\u043e\u0434\u0430\u0442\u043a\u043e\u0432\u0430 \u0456\u043d\u0441\u043f\u0435\u043a\u0446\u0456\u044f \u0437 \u043f\u0438\u0442\u0430\u043d\u044c \u043f\u0435\u0440\u0435\u0441\u043b\u0456\u0434\u0443\u0432\u0430\u043d\u043d\u044f \u043f\u043e\u0434\u0430\u0442\u043a\u043e\u0432\u0438\u0445 \u0437\u043b\u043e\u0447\u0438\u043d\u0456\u0432<br \/>\n\u041f\u043e\u043b\u0456\u0446\u0456\u044f<\/p>\n<h4 class=\"brd_h4\">\u041a\u043b\u0456\u0454\u043d\u0442\u0438<\/h4>\n<p>Logotext technische Dokumentation<br \/>\nCWT<br \/>\nstreetfootballworld gGmbH<br \/>\nSilla GmbH<br \/>\nStaatsinstitut f\u00fcr Schulqualit\u00e4t und Bildungsforschung (ISB) Qualit\u00e4tsagentur<br \/>\nLammberg GmbH Goldammer<br \/>\nDie Favoriten GmbH<br \/>\nCreativhaus show congress werbung<\/p>\n<h4 class=\"brd_h4\">\u0420\u0423\u041a\u041e\u041f\u0418\u0421\u0418<\/h4>\n<p>IWC Schaffhausen Branch of Richemont International S.A.<\/p>\n","protected":false},"excerpt":{"rendered":"<p>\u0412\u0438\u0431\u0456\u0440\u043a\u043e\u0432\u0438\u0439 \u0441\u043f\u0438\u0441\u043e\u043a \u043a\u043b\u0456\u0454\u043d\u0442\u0456\u0432: \u0424\u0435\u0434\u0435\u0440\u0430\u043b\u044c\u043d\u0456 \u043c\u0456\u043d\u0456\u0441\u0442\u0435\u0440\u0441\u0442\u0432\u0430 \u041d\u0456\u043c\u0435\u0447\u0447\u0438\u043d\u0438 \u041c\u0456\u043d\u0456\u0441\u0442\u0435\u0440\u0441\u0442\u0432\u043e \u0437\u0430\u043a\u043e\u0440\u0434\u043e\u043d\u043d\u0438\u0445 \u0441\u043f\u0440\u0430\u0432 \u041d\u0456\u043c\u0435\u0447\u0447\u0438\u043d\u0438 (AA) \u0424\u0435\u0434\u0435\u0440\u0430\u043b\u044c\u043d\u0435 \u043c\u0456\u043d\u0456\u0441\u0442\u0435\u0440\u0441\u0442\u0432\u043e [&hellip;]<\/p>\n","protected":false},"author":1,"featured_media":0,"parent":94,"menu_order":1,"comment_status":"closed","ping_status":"closed","template":"","meta":{"footnotes":""},"class_list":["post-90","page","type-page","status-publish","hentry"],"aioseo_notices":[],"_links":{"self":[{"href":"http:\/\/ars-inter.de\/ua\/wp-json\/wp\/v2\/pages\/90","targetHints":{"allow":["GET"]}}],"collection":[{"href":"http:\/\/ars-inter.de\/ua\/wp-json\/wp\/v2\/pages"}],"about":[{"href":"http:\/\/ars-inter.de\/ua\/wp-json\/wp\/v2\/types\/page"}],"author":[{"embeddable":true,"href":"http:\/\/ars-inter.de\/ua\/wp-json\/wp\/v2\/users\/1"}],"replies":[{"embeddable":true,"href":"http:\/\/ars-inter.de\/ua\/wp-json\/wp\/v2\/comments?post=90"}],"version-history":[{"count":30,"href":"http:\/\/ars-inter.de\/ua\/wp-json\/wp\/v2\/pages\/90\/revisions"}],"predecessor-version":[{"id":887,"href":"http:\/\/ars-inter.de\/ua\/wp-json\/wp\/v2\/pages\/90\/revisions\/887"}],"up":[{"embeddable":true,"href":"http:\/\/ars-inter.de\/ua\/wp-json\/wp\/v2\/pages\/94"}],"wp:attachment":[{"href":"http:\/\/ars-inter.de\/ua\/wp-json\/wp\/v2\/media?parent=90"}],"curies":[{"name":"wp","href":"https:\/\/api.w.org\/{rel}","templated":true}]}}