{"id":90,"date":"2016-06-27T13:17:46","date_gmt":"2016-06-27T12:17:46","guid":{"rendered":"http:\/\/ars-inter.de\/?page_id=90"},"modified":"2025-01-16T14:28:11","modified_gmt":"2025-01-16T13:28:11","slug":"referenzen","status":"publish","type":"page","link":"http:\/\/ars-inter.de\/ru\/leistungen\/dolmetschen\/referenzen\/","title":{"rendered":"\u041a\u043b\u0438\u0435\u043d\u0442\u044b"},"content":{"rendered":"<p>\u041d\u0435\u043a\u043e\u0442\u043e\u0440\u044b\u0435 \u0438\u0437 \u043c\u043e\u0438\u0445 \u043a\u043b\u0438\u0435\u043d\u0442\u043e\u0432:<\/p>\n<h4 class=\"brd_h4\">\u0424\u0435\u0434\u0435\u0440\u0430\u043b\u044c\u043d\u044b\u0435 \u043c\u0438\u043d\u0438\u0441\u0442\u0435\u0440\u0441\u0442\u0432\u0430 \u0413\u0435\u0440\u043c\u0430\u043d\u0438\u0438<\/h4>\n<p>\u041c\u0438\u043d\u0438\u0441\u0442\u0435\u0440\u0441\u0442\u0432\u043e \u0438\u043d\u043e\u0441\u0442\u0440\u0430\u043d\u043d\u044b\u0445 \u0434\u0435\u043b \u0413\u0435\u0440\u043c\u0430\u043d\u0438\u0438 (AA)<br \/>\n\u0424\u0435\u0434\u0435\u0440\u0430\u043b\u044c\u043d\u043e\u0435 \u043c\u0438\u043d\u0438\u0441\u0442\u0435\u0440\u0441\u0442\u0432\u043e \u0441\u0435\u043b\u044c\u0441\u043a\u043e\u0433\u043e \u0445\u043e\u0437\u044f\u0439\u0441\u0442\u0432\u0430 \u0438 \u043f\u0440\u043e\u0434\u043e\u0432\u043e\u043b\u044c\u0441\u0442\u0432\u0438\u044f \u0413\u0435\u0440\u043c\u0430\u043d\u0438\u0438 (BMEL)<br \/>\n\u0424\u0435\u0434\u0435\u0440\u0430\u043b\u044c\u043d\u043e\u0435 \u043c\u0438\u043d\u0438\u0441\u0442\u0435\u0440\u0441\u0442\u0432\u043e \u043e\u0445\u0440\u0430\u043d\u044b \u0437\u0434\u043e\u0440\u043e\u0432\u044c\u044f \u0413\u0435\u0440\u043c\u0430\u043d\u0438\u0438 (BMG)<br \/>\n\u0424\u0435\u0434\u0435\u0440\u0430\u043b\u044c\u043d\u043e\u0435 \u043c\u0438\u043d\u0438\u0441\u0442\u0435\u0440\u0441\u0442\u0432\u043e \u043e\u0431\u043e\u0440\u043e\u043d\u044b \u0413\u0435\u0440\u043c\u0430\u043d\u0438\u0438 (BMVg)<br \/>\n\u0411\u0443\u043d\u0434\u0435\u0441\u0442\u0430\u0433<\/p>\n<h4 class=\"brd_h4\">\u041f\u043e\u0441\u043e\u043b\u044c\u0441\u0442\u0432\u0430 \u0438 \u043a\u043e\u043d\u0441\u0443\u043b\u044c\u0441\u0442\u0432\u0430<\/h4>\n<p>\u041f\u043e\u0441\u043e\u043b\u044c\u0441\u0442\u0432\u043e \u0440\u0435\u0441\u043f\u0443\u0431\u043b\u0438\u043a\u0438 \u041a\u0430\u0437\u0430\u0445\u0441\u0442\u0430\u043d<br \/>\n\u041f\u043e\u0441\u043e\u043b\u044c\u0441\u0442\u0432\u043e \u0423\u043a\u0440\u0430\u0438\u043d\u044b<\/p>\n<h4 class=\"brd_h4\">\u0424\u043e\u043d\u0434\u044b \u0438 \u043d\u0435\u043f\u0440\u0430\u0432\u0438\u0442\u0435\u043b\u044c\u0441\u0442\u0432\u0435\u043d\u043d\u044b\u0435 \u043e\u0433\u0440\u0430\u043d\u0438\u0437\u0430\u0446\u0438\u0438<\/h4>\n<p>\u0413\u0435\u043d\u0435\u0440\u0430\u043b\u044c\u043d\u044b\u0439 \u0441\u0435\u043a\u0440\u0435\u0442\u0430\u0440\u0438\u0430\u0442 \u041a\u0440\u0430\u0441\u043d\u043e\u0433\u043e \u043a\u0440\u0435\u0441\u0442\u0430 &#171;DRK Generalsekretariat&#187;<br \/>\n\u0424\u043e\u043d\u0434 \u0413\u0435\u043d\u0440\u0438\u0445\u0430 \u0411\u0451\u043b\u043b\u044f<br \/>\n\u0424\u043e\u043d\u0434 \u0424\u0440\u0438\u0434\u0440\u0438\u0445\u0430 \u042d\u0431\u0435\u0440\u0442\u0430<br \/>\n\u0424\u043e\u043d\u0434 &#171;\u041f\u0430\u043c\u044f\u0442\u044c, \u043e\u0442\u0432\u0435\u0442\u0441\u0442\u0432\u0435\u043d\u043d\u043e\u0441\u0442\u044c, \u0431\u0443\u0434\u0443\u0449\u0435\u0435&#187;<br \/>\n\u041d\u0435\u043c\u0435\u0446\u043a\u043e\u0435 \u043e\u0431\u0449\u0435\u0441\u0442\u0432\u043e \u043c\u0435\u0436\u0434\u0443\u043d\u0430\u0440\u043e\u0434\u043d\u043e\u0433\u043e \u0441\u043e\u0442\u0440\u0443\u0434\u043d\u0438\u0447\u0435\u0441\u0442\u0432\u0430 &#171;GIZ&#187;<\/p>\n<h4 class=\"brd_h4\">\u0410\u0432\u0442\u043e\u043c\u043e\u0431\u0438\u043b\u044c\u043d\u0430\u044f \u043f\u0440\u043e\u043c\u044b\u0448\u043b\u0435\u043d\u043d\u043e\u0441\u0442\u044c<\/h4>\n<p>Volkswagen<br \/>\nDaimler<\/p>\n<h4 class=\"brd_h4\">\u0416\u0435\u043b\u0435\u0437\u043d\u0430\u044f \u0434\u043e\u0440\u043e\u0433\u0430<\/h4>\n<p>Bombardier Transportation Stadler Rail<\/p>\n<h4 class=\"brd_h4\">\u041f\u0440\u043e\u043c\u044b\u0448\u043b\u0435\u043d\u043d\u043e\u0441\u0442\u044c<\/h4>\n<p>Xella<\/p>\n<h4 class=\"brd_h4\">\u0422\u0435\u043b\u0435\u0432\u0438\u0434\u0435\u043d\u0438\u0435<\/h4>\n<p>ARD (\u043f\u0435\u0440\u0432\u044b\u0439 \u0433\u043e\u0441\u0443\u0434\u0430\u0440\u0441\u0442\u0432\u0435\u043d\u043d\u044b\u0439 \u0442\u0435\u043b\u0435\u043a\u0430\u043d\u0430\u043b)<br \/>\nZDF (\u0432\u0442\u043e\u0440\u043e\u0439 \u0433\u043e\u0441\u0443\u0434\u0430\u0440\u0441\u0442\u0432\u0435\u043d\u043d\u044b\u0439 \u0442\u0435\u043b\u0435\u043a\u0430\u043d\u0430\u043b)<br \/>\nN24<br \/>\narte<br \/>\n3Sat<br \/>\nRTL<br \/>\nRBB Rundfunk Berlin-Brandenburg (\u0442\u0435\u043b\u0435\u043a\u0430\u043d\u0430\u043b \u0444\u0435\u0434\u0435\u0440\u0430\u043b\u044c\u043d\u044b\u0445 \u0437\u0435\u043c\u0435\u043b\u044c \u0411\u0435\u0440\u043b\u0438\u043d \u0438 \u0411\u0440\u0430\u043d\u0434\u0435\u043d\u0431\u0443\u0440\u0433)<br \/>\n\u041d\u0422\u0412 \u0420\u043e\u0441\u0441\u0438\u044f<\/p>\n<h4 class=\"brd_h4\">\u0410\u0434\u0432\u043e\u043a\u0430\u0442\u0441\u043a\u0438\u0435 \u043a\u043e\u043d\u0442\u043e\u0440\u044b, \u043d\u043e\u0442\u0430\u0440\u0438\u0443\u0441\u044b, \u043e\u0440\u0433\u0430\u043d\u044b \u044e\u0441\u0442\u0438\u0446\u0438\u0438<\/h4>\n<p>Noerr LLP M\u00fcller Radack Rechtsanw\u00e4lte Notare<br \/>\nBusse &amp; Miesen<br \/>\nRechtsanw\u00e4lte Franke &amp; Kleinkamp<br \/>\n\u041f\u0440\u043e\u043a\u0443\u0440\u0430\u0442\u0443\u0440\u0430 \u0433. \u0411\u0435\u0440\u043b\u0438\u043d\u0430<br \/>\n\u0423\u043f\u0440\u0430\u0432\u043b\u0435\u043d\u0438\u0435 \u0443\u0433\u043e\u043b\u043e\u0432\u043d\u043e\u0439 \u043f\u043e\u043b\u0438\u0446\u0438\u0438 \u0444\u0435\u0434\u0435\u0440\u0430\u043b\u044c\u043d\u043e\u0439 \u0437\u0435\u043c\u043b\u0438 \u0411\u0435\u0440\u043b\u0438\u043d<br \/>\n\u0422\u0430\u043c\u043e\u0436\u0435\u043d\u043d\u0430\u044f \u0441\u043b\u0443\u0436\u0431\u0430<br \/>\n\u041d\u0430\u043b\u043e\u0433\u043e\u0432\u0430\u044f \u0438\u043d\u0441\u043f\u0435\u043a\u0446\u0438\u044f \u043f\u043e \u0432\u043e\u043f\u0440\u043e\u0441\u0430\u043c \u043f\u0440\u0435\u0441\u043b\u0435\u0434\u043e\u0432\u0430\u043d\u0438\u044f \u043d\u0430\u043b\u043e\u0433\u043e\u0432\u044b\u0445 \u043f\u0440\u0435\u0441\u0442\u0443\u043f\u043b\u0435\u043d\u0438\u0439<br \/>\n\u041f\u043e\u043b\u0438\u0446\u0438\u044f<\/p>\n<h4 class=\"brd_h4\">\u0420\u0430\u0437\u043d\u044b\u0435 \u043a\u043b\u0438\u0435\u043d\u0442\u044b<\/h4>\n<p>Logotext technische Dokumentation<br \/>\nCWT<br \/>\nstreetfootballworld gGmbH<br \/>\nSilla GmbH<br \/>\nStaatsinstitut f\u00fcr Schulqualit\u00e4t und Bildungsforschung (ISB) Qualit\u00e4tsagentur<br \/>\nLammberg GmbH Goldammer<br \/>\nDie Favoriten GmbH<br \/>\nCreativhaus show congress werbung<\/p>\n<h4 class=\"brd_h4\">\u0420\u0443\u043a\u043e\u043f\u0438\u0441\u0438<\/h4>\n<p>IWC SchaffhausenBranch of Richemont International S.A.<\/p>\n","protected":false},"excerpt":{"rendered":"<p>\u041d\u0435\u043a\u043e\u0442\u043e\u0440\u044b\u0435 \u0438\u0437 \u043c\u043e\u0438\u0445 \u043a\u043b\u0438\u0435\u043d\u0442\u043e\u0432: \u0424\u0435\u0434\u0435\u0440\u0430\u043b\u044c\u043d\u044b\u0435 \u043c\u0438\u043d\u0438\u0441\u0442\u0435\u0440\u0441\u0442\u0432\u0430 \u0413\u0435\u0440\u043c\u0430\u043d\u0438\u0438 \u041c\u0438\u043d\u0438\u0441\u0442\u0435\u0440\u0441\u0442\u0432\u043e \u0438\u043d\u043e\u0441\u0442\u0440\u0430\u043d\u043d\u044b\u0445 \u0434\u0435\u043b \u0413\u0435\u0440\u043c\u0430\u043d\u0438\u0438 (AA) \u0424\u0435\u0434\u0435\u0440\u0430\u043b\u044c\u043d\u043e\u0435 [&hellip;]<\/p>\n","protected":false},"author":1,"featured_media":0,"parent":94,"menu_order":1,"comment_status":"closed","ping_status":"closed","template":"","meta":{"footnotes":""},"class_list":["post-90","page","type-page","status-publish","hentry"],"aioseo_notices":[],"_links":{"self":[{"href":"http:\/\/ars-inter.de\/ru\/wp-json\/wp\/v2\/pages\/90","targetHints":{"allow":["GET"]}}],"collection":[{"href":"http:\/\/ars-inter.de\/ru\/wp-json\/wp\/v2\/pages"}],"about":[{"href":"http:\/\/ars-inter.de\/ru\/wp-json\/wp\/v2\/types\/page"}],"author":[{"embeddable":true,"href":"http:\/\/ars-inter.de\/ru\/wp-json\/wp\/v2\/users\/1"}],"replies":[{"embeddable":true,"href":"http:\/\/ars-inter.de\/ru\/wp-json\/wp\/v2\/comments?post=90"}],"version-history":[{"count":30,"href":"http:\/\/ars-inter.de\/ru\/wp-json\/wp\/v2\/pages\/90\/revisions"}],"predecessor-version":[{"id":887,"href":"http:\/\/ars-inter.de\/ru\/wp-json\/wp\/v2\/pages\/90\/revisions\/887"}],"up":[{"embeddable":true,"href":"http:\/\/ars-inter.de\/ru\/wp-json\/wp\/v2\/pages\/94"}],"wp:attachment":[{"href":"http:\/\/ars-inter.de\/ru\/wp-json\/wp\/v2\/media?parent=90"}],"curies":[{"name":"wp","href":"https:\/\/api.w.org\/{rel}","templated":true}]}}