{"id":90,"date":"2016-06-27T13:17:46","date_gmt":"2016-06-27T12:17:46","guid":{"rendered":"http:\/\/ars-inter.de\/?page_id=90"},"modified":"2025-01-16T14:28:11","modified_gmt":"2025-01-16T13:28:11","slug":"referenzen","status":"publish","type":"page","link":"http:\/\/ars-inter.de\/de\/leistungen\/dolmetschen\/referenzen\/","title":{"rendered":"Referenzen"},"content":{"rendered":"<p>Auszug aus der Kundenliste:<\/p>\n<h4 class=\"brd_h4\">Deutsche Ministerien<\/h4>\n<p>Ausw\u00e4rtiges Amt (AA)<br \/>\nBundesministerium f\u00fcr Landwirtschaft und Ern\u00e4herung (BMEL)<br \/>\nBundesministerium f\u00fcr Gesundheit (BMG)<br \/>\nBundesministerium der Verteidigung (BMVg)<br \/>\nDeutscher Bundestag<br \/>\nund andere<\/p>\n<h4 class=\"brd_h4\">Botschaften und Konsulate<\/h4>\n<p>Botschaft der Republik Kasachstan<br \/>\nBotschaft der Ukraine<\/p>\n<h4 class=\"brd_h4\">Stiftungen und NGOs<\/h4>\n<p>DRK Generalsekretariat<br \/>\nHeinrich-B\u00f6ll-Stiftung<br \/>\nFriedrich-Ebert-Stiftung<br \/>\nStiftung &#8222;Erinnerung Verantwortung und Zukunft&#8220;<br \/>\nGIZ<\/p>\n<h4 class=\"brd_h4\">Automobilindustrie<\/h4>\n<p>Volkswagen Daimler<br \/>\nEisenbahn<br \/>\nBombardier Transportation<br \/>\nStadler Rail<\/p>\n<h4 class=\"brd_h4\">Industrie<\/h4>\n<p>Xella<\/p>\n<h4 class=\"brd_h4\">Fernsehen<\/h4>\n<p>ZDF<br \/>\nARD<br \/>\nN24<br \/>\narte<br \/>\n3Sat<br \/>\nRTL<br \/>\nRBB Rundfunk Berlin-Brandenburg<br \/>\nNTV Russland<\/p>\n<h4 class=\"brd_h4\">Rechtsanw\u00e4lte, Notare<\/h4>\n<p>Noerr LLP<br \/>\nM\u00fcller Radack Rechtsanw\u00e4lte Notare<br \/>\nBusse &amp; Miesen Rechtsanw\u00e4lte<br \/>\nFranke &amp; Kleinkamp<br \/>\nRechtsanw\u00e4lte und Notare<br \/>\nStaatsanwaltschaft Berlin<br \/>\nLandeskriminalamt Berlin<br \/>\nHauptzollam<br \/>\nFinanzamt f\u00fcr Fahndungssachen<br \/>\nPolizei Berlin<\/p>\n<h4 class=\"brd_h4\">Sonstige Kunden<\/h4>\n<p>Logotext technische Dokumentation<br \/>\nCWT<br \/>\nstreetfootballworld gGmbH<br \/>\nSilla GmbH<br \/>\nStaatsinstitut f\u00fcr Schulqualit\u00e4t und Bildungsforschung (ISB) Qualit\u00e4tsagentur<br \/>\nLammberg GmbH<br \/>\nGoldammer<br \/>\nDie Favoriten GmbH<br \/>\nCreativhaus show congress werbung<\/p>\n<h4 class=\"brd_h4\">Handschriften<\/h4>\n<p>IWC Schaffhausen<br \/>\nBranch of Richemont International S.A.<\/p>\n","protected":false},"excerpt":{"rendered":"<p>Auszug aus der Kundenliste: Deutsche Ministerien Ausw\u00e4rtiges Amt (AA) Bundesministerium f\u00fcr Landwirtschaft und [&hellip;]<\/p>\n","protected":false},"author":1,"featured_media":0,"parent":94,"menu_order":1,"comment_status":"closed","ping_status":"closed","template":"","meta":{"footnotes":""},"class_list":["post-90","page","type-page","status-publish","hentry"],"aioseo_notices":[],"_links":{"self":[{"href":"http:\/\/ars-inter.de\/de\/wp-json\/wp\/v2\/pages\/90","targetHints":{"allow":["GET"]}}],"collection":[{"href":"http:\/\/ars-inter.de\/de\/wp-json\/wp\/v2\/pages"}],"about":[{"href":"http:\/\/ars-inter.de\/de\/wp-json\/wp\/v2\/types\/page"}],"author":[{"embeddable":true,"href":"http:\/\/ars-inter.de\/de\/wp-json\/wp\/v2\/users\/1"}],"replies":[{"embeddable":true,"href":"http:\/\/ars-inter.de\/de\/wp-json\/wp\/v2\/comments?post=90"}],"version-history":[{"count":30,"href":"http:\/\/ars-inter.de\/de\/wp-json\/wp\/v2\/pages\/90\/revisions"}],"predecessor-version":[{"id":887,"href":"http:\/\/ars-inter.de\/de\/wp-json\/wp\/v2\/pages\/90\/revisions\/887"}],"up":[{"embeddable":true,"href":"http:\/\/ars-inter.de\/de\/wp-json\/wp\/v2\/pages\/94"}],"wp:attachment":[{"href":"http:\/\/ars-inter.de\/de\/wp-json\/wp\/v2\/media?parent=90"}],"curies":[{"name":"wp","href":"https:\/\/api.w.org\/{rel}","templated":true}]}}