{"id":26,"date":"2016-06-22T20:47:57","date_gmt":"2016-06-22T19:47:57","guid":{"rendered":"http:\/\/ars-inter.de\/?page_id=26"},"modified":"2025-01-16T14:41:55","modified_gmt":"2025-01-16T13:41:55","slug":"profil","status":"publish","type":"page","link":"http:\/\/ars-inter.de\/de\/profil\/","title":{"rendered":"Profil"},"content":{"rendered":"<h3 class=\"brd_h3_top\"><span style=\"color: #008080;\">Freiberufliche Konferenzdolmetscherin, \u00dcbersetzerin, K\u00fcnstlerin, Bio-G\u00e4rtnerin &#8211; mein Leben ist vielf\u00e4ltig<\/span><\/h3>\n<p><img loading=\"lazy\" decoding=\"async\" class=\" wp-image-842 alignleft\" src=\"http:\/\/ars-inter.de\/wp-content\/uploads\/2024\/10\/Nadiya-Kyrylenko-300x292.jpg\" alt=\"\" width=\"210\" height=\"204\" srcset=\"http:\/\/ars-inter.de\/wp-content\/uploads\/2024\/10\/Nadiya-Kyrylenko-300x292.jpg 300w, http:\/\/ars-inter.de\/wp-content\/uploads\/2024\/10\/Nadiya-Kyrylenko-1024x996.jpg 1024w, http:\/\/ars-inter.de\/wp-content\/uploads\/2024\/10\/Nadiya-Kyrylenko-768x747.jpg 768w, http:\/\/ars-inter.de\/wp-content\/uploads\/2024\/10\/Nadiya-Kyrylenko-1536x1494.jpg 1536w, http:\/\/ars-inter.de\/wp-content\/uploads\/2024\/10\/Nadiya-Kyrylenko-940x915.jpg 940w, http:\/\/ars-inter.de\/wp-content\/uploads\/2024\/10\/Nadiya-Kyrylenko.jpg 1702w\" sizes=\"auto, (max-width: 210px) 100vw, 210px\" \/>Seit 20 Jahren im Beruf als Konferenzdolmetscherin und \u00dcbersetzerin, Senior-Mitglied im Verband der Konferenzdolmetscher und Bundesverband der Dolmetscher und \u00dcbersetzer, studierte Philologin, Lehrerin, staatlich anerkannte und beeidigte Dolmetscherin und erm\u00e4chtigte \u00dcbersetzerin, mit den Muttersprachen Ukrainisch und Russisch und muttersprachlicher Kompetenz in Deutsch, au\u00dferdem seit 3 Jahren angehende K\u00fcnstlerin und Mitglied im Verein botanische Kunst Deutschland e.V.<\/p>\n<p>Der Fokus meiner Sprachleistungen liegt im gesprochenen Wort \u2013 im Dolmetschen, in erster Linie bei internationalen Konferenzen oder Verhandlungen:\u00a0 fl\u00fcstersimultan f\u00fcr kleine Gruppen, simultan in der Dolmetschkabine oder konsekutiv.<\/p>\n<h3 class=\"brd_h3\"><span style=\"color: #008080;\">Meine Qualifikationen<\/span><\/h3>\n<ul>\n<li>Dipl.-Lehrerin (Sek. I, DaF)<\/li>\n<li>Dipl.-Philologin (M.A.)<\/li>\n<li>Staatlich anerkennte beeidigte Dolmetscherin und erm\u00e4chtigte \u00dcbersetzerin<\/li>\n<\/ul>\n<h3 class=\"brd_h3\"><span style=\"color: #008080;\">Mitgliedschaft in Berufsverb\u00e4nden<\/span><\/h3>\n<ul>\n<li>Mitglied im Verband der Konferenzdolmetscher &#8211; <a href=\"http:\/\/konferenzdolmetscher-bdue.de\" target=\"_blanc\" rel=\"noopener\">VKD e.V.<\/a><\/li>\n<li>Mitglied im Bundesverband der Dolmetscher und \u00dcbersetzer &#8211; <a href=\"http:\/\/www.bdue.de\" target=\"_blanc\" rel=\"noopener\">BD\u00dc e.V.<\/a><\/li>\n<li>Mitglied\u00a0 im <a href=\"https:\/\/www.verein-botanischekunst.de\/\">Verein Botanische Kunst Deutschland e.V.<\/a><\/li>\n<\/ul>\n\n\n<p><\/p>\n","protected":false},"excerpt":{"rendered":"<p>Freiberufliche Konferenzdolmetscherin, \u00dcbersetzerin, K\u00fcnstlerin, Bio-G\u00e4rtnerin &#8211; mein Leben ist vielf\u00e4ltig Seit 20 Jahren [&hellip;]<\/p>\n","protected":false},"author":1,"featured_media":0,"parent":0,"menu_order":1,"comment_status":"closed","ping_status":"closed","template":"","meta":{"footnotes":""},"class_list":["post-26","page","type-page","status-publish","hentry"],"aioseo_notices":[],"_links":{"self":[{"href":"http:\/\/ars-inter.de\/de\/wp-json\/wp\/v2\/pages\/26","targetHints":{"allow":["GET"]}}],"collection":[{"href":"http:\/\/ars-inter.de\/de\/wp-json\/wp\/v2\/pages"}],"about":[{"href":"http:\/\/ars-inter.de\/de\/wp-json\/wp\/v2\/types\/page"}],"author":[{"embeddable":true,"href":"http:\/\/ars-inter.de\/de\/wp-json\/wp\/v2\/users\/1"}],"replies":[{"embeddable":true,"href":"http:\/\/ars-inter.de\/de\/wp-json\/wp\/v2\/comments?post=26"}],"version-history":[{"count":75,"href":"http:\/\/ars-inter.de\/de\/wp-json\/wp\/v2\/pages\/26\/revisions"}],"predecessor-version":[{"id":1086,"href":"http:\/\/ars-inter.de\/de\/wp-json\/wp\/v2\/pages\/26\/revisions\/1086"}],"wp:attachment":[{"href":"http:\/\/ars-inter.de\/de\/wp-json\/wp\/v2\/media?parent=26"}],"curies":[{"name":"wp","href":"https:\/\/api.w.org\/{rel}","templated":true}]}}