{"id":180,"date":"2016-06-28T11:03:54","date_gmt":"2016-06-28T10:03:54","guid":{"rendered":"http:\/\/ars-inter.de\/?page_id=180"},"modified":"2025-01-17T08:17:20","modified_gmt":"2025-01-17T07:17:20","slug":"kontakt","status":"publish","type":"page","link":"http:\/\/ars-inter.de\/de\/kontakt\/","title":{"rendered":"Kontakt"},"content":{"rendered":"<h3><span style=\"color: #008080;\">Nadiya Kyrylenko<\/span><\/h3>\n<p>Stra\u00dfmannstr. 39<br \/>10249 Berlin<\/p>\n<p>Tel.: +49 (0)30 247 81 381<br \/>+49 (0)30 250 12 214<br \/>Mobil: +49 (0)179 13 14 354<br \/>Fax: +49 (0)3222 12 88 558 (rund um die Uhr)<br \/>Fax: +49 (0)30 240 33 870 (nur zu B\u00fcrozeiten)<\/p>\n<p>E-Mail: <a href=\"mailto:info@ars-inter.de\">info@ars-inter.de<\/a><\/p>\n<p><span style=\"color: #008080;\"><strong>Anfahrt:<\/strong><\/span><\/p>\n<p>In Zentrum von Berlin:<br \/>20 Minuten von der U- und S-Bahn Alexanderplatz<\/p>\n<p>Tram: M5, M6, M8, bis zur Haltestelle &#8222;Landsberger Allee\/Petersburger Stra\u00dfe&#8220;, Fu\u00dfweg 10 Minuten,<br \/>Tram: M10 bis zur Haltestelle &#8222;Stra\u00dfmannstra\u00dfe&#8220;, Fu\u00dfweg 2 Minuten<br \/>U-Bahn: U5 &#8222;Frankfurter Tor&#8220; und dann Fu\u00dfweg 10 Minuten<br \/>S-Bahn: 42, 41 (Ringbahn) &#8222;Landsberger Allee&#8220; oder &#8222;Storkower Stra\u00dfe&#8220; und dann Fu\u00dfweg 10 Minuten<\/p>\n\n\n<p><\/p>\n","protected":false},"excerpt":{"rendered":"<p>Nadiya Kyrylenko Stra\u00dfmannstr. 3910249 Berlin Tel.: +49 (0)30 247 81 381+49 (0)30 250 [&hellip;]<\/p>\n","protected":false},"author":1,"featured_media":0,"parent":0,"menu_order":7,"comment_status":"closed","ping_status":"closed","template":"","meta":{"footnotes":""},"class_list":["post-180","page","type-page","status-publish","hentry"],"aioseo_notices":[],"_links":{"self":[{"href":"http:\/\/ars-inter.de\/de\/wp-json\/wp\/v2\/pages\/180","targetHints":{"allow":["GET"]}}],"collection":[{"href":"http:\/\/ars-inter.de\/de\/wp-json\/wp\/v2\/pages"}],"about":[{"href":"http:\/\/ars-inter.de\/de\/wp-json\/wp\/v2\/types\/page"}],"author":[{"embeddable":true,"href":"http:\/\/ars-inter.de\/de\/wp-json\/wp\/v2\/users\/1"}],"replies":[{"embeddable":true,"href":"http:\/\/ars-inter.de\/de\/wp-json\/wp\/v2\/comments?post=180"}],"version-history":[{"count":40,"href":"http:\/\/ars-inter.de\/de\/wp-json\/wp\/v2\/pages\/180\/revisions"}],"predecessor-version":[{"id":1343,"href":"http:\/\/ars-inter.de\/de\/wp-json\/wp\/v2\/pages\/180\/revisions\/1343"}],"wp:attachment":[{"href":"http:\/\/ars-inter.de\/de\/wp-json\/wp\/v2\/media?parent=180"}],"curies":[{"name":"wp","href":"https:\/\/api.w.org\/{rel}","templated":true}]}}