{"id":105,"date":"2016-06-27T13:25:37","date_gmt":"2016-06-27T12:25:37","guid":{"rendered":"http:\/\/ars-inter.de\/?page_id=105"},"modified":"2025-01-16T14:44:50","modified_gmt":"2025-01-16T13:44:50","slug":"preise","status":"publish","type":"page","link":"http:\/\/ars-inter.de\/de\/leistungen\/preise\/","title":{"rendered":"Preise"},"content":{"rendered":"<h3 class=\"brd_h3_top\"><span style=\"color: #008080;\">Dolmetschen<\/span><\/h3>\n<p>F\u00fcr ein individuelles unverbindliches Angebot geben Sie bitte folgende Informationen an: Ort, Datum, voraussichtliche Dauer, Thematik.<\/p>\n<h3 class=\"brd_h3\"><span style=\"color: #008080;\">\u00dcbersetzungen<\/span><\/h3>\n<p>Von 1,20 bis 2,00 Euro zzgl. MwSt. pro Zeile. Der Preis der \u00dcbersetzung berechnet sich nach Zeilen (je 55 Anschl\u00e4ge inkl. Leerzeichen) oder W\u00f6rtern des Zieltextes.<br \/>\nZurzeit KEINE Urkunden\u00fcbersetzungen.<br \/>\nDer Mindestauftragswert betr\u00e4gt 70 \u20ac netto zzg. 19 % MwSt.<\/p>\n<h3 class=\"brd_h3\"><span style=\"color: #008080;\">Lektorat<\/span><\/h3>\n<p>Ab 70 Euro zzgl. MwSt. pro Stunde (600-1000 W\u00f6rter). Das Honorar wird ausgehend von folgenden Kriterien kalkuliert: Schwierigkeitsgrad, Fachgebiet, Zeitspanne, Lieferformat, Textumfang der \u00dcbersetzung.<\/p>\n<h3 class=\"brd_h3\"><span style=\"color: #008080;\">Handschriften<\/span><\/h3>\n<p>nach Vereinbarung nach der Einsicht in die Dokumente und der Leistungsart ab 50 \u20ac zzgl. MwSt. pro 1800 Zeichen mit Anschl\u00e4gen oder 1,35 Euro zzgl. MwSt. pro Zeile.<\/p>\n<p style=\"text-align: left;\">F\u00fcr Eilauftr\u00e4ge, Nacht- und Wochenendarbeit werden zus\u00e4tzlich 20% vom Auftragswert berechnet.<\/p>\n<p>Rahmenvertr\u00e4ge f\u00fcr Stammkunden<\/p>\n<p>Ihr individuelles Angebot ist nur einen Mausklick entfernt!<br \/>\nF\u00fcllen Sie einfach dieses <a href=\"\/de\/kontakt\/\">Kontaktformular<\/a> aus.<\/p>\n","protected":false},"excerpt":{"rendered":"<p>Dolmetschen F\u00fcr ein individuelles unverbindliches Angebot geben Sie bitte folgende Informationen an: Ort, [&hellip;]<\/p>\n","protected":false},"author":1,"featured_media":0,"parent":39,"menu_order":6,"comment_status":"closed","ping_status":"closed","template":"","meta":{"footnotes":""},"class_list":["post-105","page","type-page","status-publish","hentry"],"aioseo_notices":[],"_links":{"self":[{"href":"http:\/\/ars-inter.de\/de\/wp-json\/wp\/v2\/pages\/105","targetHints":{"allow":["GET"]}}],"collection":[{"href":"http:\/\/ars-inter.de\/de\/wp-json\/wp\/v2\/pages"}],"about":[{"href":"http:\/\/ars-inter.de\/de\/wp-json\/wp\/v2\/types\/page"}],"author":[{"embeddable":true,"href":"http:\/\/ars-inter.de\/de\/wp-json\/wp\/v2\/users\/1"}],"replies":[{"embeddable":true,"href":"http:\/\/ars-inter.de\/de\/wp-json\/wp\/v2\/comments?post=105"}],"version-history":[{"count":40,"href":"http:\/\/ars-inter.de\/de\/wp-json\/wp\/v2\/pages\/105\/revisions"}],"predecessor-version":[{"id":1091,"href":"http:\/\/ars-inter.de\/de\/wp-json\/wp\/v2\/pages\/105\/revisions\/1091"}],"up":[{"embeddable":true,"href":"http:\/\/ars-inter.de\/de\/wp-json\/wp\/v2\/pages\/39"}],"wp:attachment":[{"href":"http:\/\/ars-inter.de\/de\/wp-json\/wp\/v2\/media?parent=105"}],"curies":[{"name":"wp","href":"https:\/\/api.w.org\/{rel}","templated":true}]}}