{"id":100,"date":"2016-06-27T13:23:03","date_gmt":"2016-06-27T12:23:03","guid":{"rendered":"http:\/\/ars-inter.de\/?page_id=100"},"modified":"2025-01-16T14:46:49","modified_gmt":"2025-01-16T13:46:49","slug":"handschriften","status":"publish","type":"page","link":"http:\/\/ars-inter.de\/de\/leistungen\/handschriften\/","title":{"rendered":"Handschriften"},"content":{"rendered":"<h3 class=\"brd_h3_top\"><span style=\"color: #008080;\">Transkription und Edition von Handschriften<\/span><\/h3>\n<p>Alte Handschriften k\u00f6nnen wichtige Informationen enthalten, Sichtweisen ver\u00e4ndern und von gro\u00dfem Wert f\u00fcr die Wissenschaft sein. Alte \u2013 noch handschriftlich ausgestellte \u2013 Urkunden k\u00f6nnen gar ein ganzes Leben ver\u00e4ndern. Mit jahrelanger Erfahrung in der \u00dcbertragung von handschriftlichen Rechtsordnungen, St\u00e4dteordnungen und Prozessakten kann ich Ihnen den Service anbieten, Ihre historischen Handschriften in eine lesbare Form zu \u00fcbertragen. In den letzten Jahren, sowie w\u00e4hrend des Germanistikstudiums an der Ruhr-Universit\u00e4t Bochum habe ich mich mit den mittelhochdeutschen Rechtstexten besch\u00e4ftigt. Meine Magisterarbeit wurde \u00fcber einen Rechtstext aus dem slowakischen Raum verfasst.\u00a0 Mein Schwerpunkt liegt in der Transkription und Edition von historischen Handschriften und Manuskripten vom Neuhochdeutschen (17.-19. Jh.) ins Deutsche, Russische und Ukrainische. Ich biete Ihnen die Transkription oder Edition aller Textsorten \u2013 von Postkarten bis hin zu ganzen B\u00fcchern vom 17. bis zum 20. Jahrhundert.<\/p>\n<h4 class=\"brd_h4\"><span style=\"color: #008080;\">Leistungen:<\/span><\/h4>\n<ul>\n<li>Zusammenfassung<\/li>\n<li>Wortgetreue \u00dcbertragung<\/li>\n<li>Wortgetreue \u00dcbertragung und Deutung von historischen Begriffen und Wendungen,<br \/>\nErkl\u00e4rung der Abk\u00fcrzungen und geografischer Namen<\/li>\n<li>Wortgetreue \u00dcbertragung und \u00dcbersetzung<\/li>\n<\/ul>\n<h4 class=\"brd_h4\"><span style=\"color: #008080;\">Sprachen:<\/span><\/h4>\n<p>Deutsch, Latein, Englisch, Franz\u00f6sisch, Russisch, Ukrainisch.<\/p>\n<p>Jede Anfrage und jeder Auftrag wird selbstverst\u00e4ndlich diskret und vertraulich behandelt.<\/p>\n","protected":false},"excerpt":{"rendered":"<p>Transkription und Edition von Handschriften Alte Handschriften k\u00f6nnen wichtige Informationen enthalten, Sichtweisen ver\u00e4ndern [&hellip;]<\/p>\n","protected":false},"author":1,"featured_media":0,"parent":39,"menu_order":4,"comment_status":"closed","ping_status":"closed","template":"","meta":{"footnotes":""},"class_list":["post-100","page","type-page","status-publish","hentry"],"aioseo_notices":[],"_links":{"self":[{"href":"http:\/\/ars-inter.de\/de\/wp-json\/wp\/v2\/pages\/100","targetHints":{"allow":["GET"]}}],"collection":[{"href":"http:\/\/ars-inter.de\/de\/wp-json\/wp\/v2\/pages"}],"about":[{"href":"http:\/\/ars-inter.de\/de\/wp-json\/wp\/v2\/types\/page"}],"author":[{"embeddable":true,"href":"http:\/\/ars-inter.de\/de\/wp-json\/wp\/v2\/users\/1"}],"replies":[{"embeddable":true,"href":"http:\/\/ars-inter.de\/de\/wp-json\/wp\/v2\/comments?post=100"}],"version-history":[{"count":13,"href":"http:\/\/ars-inter.de\/de\/wp-json\/wp\/v2\/pages\/100\/revisions"}],"predecessor-version":[{"id":1094,"href":"http:\/\/ars-inter.de\/de\/wp-json\/wp\/v2\/pages\/100\/revisions\/1094"}],"up":[{"embeddable":true,"href":"http:\/\/ars-inter.de\/de\/wp-json\/wp\/v2\/pages\/39"}],"wp:attachment":[{"href":"http:\/\/ars-inter.de\/de\/wp-json\/wp\/v2\/media?parent=100"}],"curies":[{"name":"wp","href":"https:\/\/api.w.org\/{rel}","templated":true}]}}